{"id":1802,"date":"2022-08-10T11:45:02","date_gmt":"2022-08-10T09:45:02","guid":{"rendered":"https:\/\/godanserwis.pl\/privacy-policy\/"},"modified":"2023-03-22T14:07:41","modified_gmt":"2023-03-22T13:07:41","slug":"privacy-policy","status":"publish","type":"page","link":"https:\/\/godanserwis.pl\/en\/privacy-policy\/","title":{"rendered":"Privacy policy"},"content":{"rendered":"\t\t<div data-elementor-type=\"wp-page\" data-elementor-id=\"1802\" class=\"elementor elementor-1802 elementor-46\" data-elementor-post-type=\"page\">\n\t\t\t\t\t\t<section class=\"elementor-section elementor-top-section elementor-element elementor-element-452728e5 elementor-section-boxed elementor-section-height-default elementor-section-height-default\" data-id=\"452728e5\" data-element_type=\"section\" data-e-type=\"section\" data-settings=\"{&quot;jet_parallax_layout_list&quot;:[],&quot;background_background&quot;:&quot;classic&quot;}\">\n\t\t\t\t\t\t<div class=\"elementor-container elementor-column-gap-default\">\n\t\t\t\t\t<div class=\"elementor-column elementor-col-100 elementor-top-column elementor-element elementor-element-40f87219\" data-id=\"40f87219\" data-element_type=\"column\" data-e-type=\"column\">\n\t\t\t<div class=\"elementor-widget-wrap elementor-element-populated\">\n\t\t\t\t\t\t<div class=\"elementor-element elementor-element-69082a4d elementor-widget elementor-widget-heading\" data-id=\"69082a4d\" data-element_type=\"widget\" data-e-type=\"widget\" data-widget_type=\"heading.default\">\n\t\t\t\t<div class=\"elementor-widget-container\">\n\t\t\t\t\t<h2 class=\"elementor-heading-title elementor-size-default\">Privacy policy<\/h2>\t\t\t\t<\/div>\n\t\t\t\t<\/div>\n\t\t\t\t<div class=\"elementor-element elementor-element-2730b20e elementor-widget elementor-widget-text-editor\" data-id=\"2730b20e\" data-element_type=\"widget\" data-e-type=\"widget\" data-widget_type=\"text-editor.default\">\n\t\t\t\t<div class=\"elementor-widget-container\">\n\t\t\t\t\t\t\t\t\t<p style=\"text-align: center;\"><strong>What is Cookie \/ Cookies?<\/strong><\/p>\n<p>Cookies are text files. They are created automatically with the help of web browsers when visiting and using websites. They are sent by the website and saved on the user\u2019s device. Data obtained by means of a cookie is read only by the website that created the cookie, i.e. lcprinting.eu. The website does not have access to cookies that it did not create itself and to which access has not been granted.    <\/p>\n<p>Cookies are used to facilitate the use of the website by the user or by adapting user-friendly content through the website.<\/p>\n<p style=\"text-align: center;\"><strong>Who is the administrator of your data?<\/strong><\/p>\n<p>The administrator of your personal data is &#8220;GODAN SERWIS&#8221; Sp\u00f3\u0142ka z ograniczon\u0105 odpowiedzialno\u015bci\u0105 with its seat Opacz-Kolonia (adres: ul. Ry\u017cowa 84, 05-816 Opacz-Kolonia), Company Registration No &#8211; <strong>NIP<\/strong>: 5222708469, <strong>REGON<\/strong>: 01561055700000<\/p>\n<p style=\"text-align: center;\"><strong>Purpose of using cookies by &#8220;GODAN SERWIS&#8221; Sp\u00f3\u0142ka z ograniczon\u0105 odpowiedzialno\u015bci\u0105:<\/strong><\/p>\n<p style=\"text-align: left;\">Technical cookies:<\/p>\n<p>&#8211; ensure the proper functioning of the website<br \/>&#8211; IP address<br \/>&#8211; time spent on the website<br \/>&#8211; locations from which the entry to the site is made<br \/>&#8211; time spent on the website<br \/>&#8211; the device from which the website is opened<br \/>&#8211; the decisions made<br \/>&#8211; in order to remember whether the consent to download cookies has been given<\/p>\n<p>Their operation is based on the legitimate interest of the entrepreneur.<\/p>\n<p>Marketing Cookies:<\/p>\n<p>&#8211; For marketing purposes, we use Google&#8217;s services, i.e. Google Ads<\/p>\n<p>Analytical Cookies:<\/p>\n<p>&#8211; For analytical purposes, we use Google services, i.e. Google Analytics<\/p>\n<p style=\"text-align: center;\"><strong>Cookie Storage Time<\/strong><\/p>\n<p>Session \u2013 they are stored on the device used until you leave the website, e.g. by turning off the web browser<\/p>\n<p>Permanent \u2013 they exist until they are manually deleted or the time specified in the browser expires<\/p>\n<p style=\"text-align: center;\"><strong>Type of data collected<\/strong><\/p>\n<p>We include:<br \/>&#8211; IP address<br \/>&#8211; Type of device<br \/>&#8211; Operating system<br \/>&#8211; Time spent on the site<br \/>&#8211; Action taken<\/p>\n<p style=\"text-align: center;\"><strong>What data do we send to other entities?<\/strong><\/p>\n<p>&#8211; IP address<\/p>\n<p style=\"text-align: center;\"><strong>How to withdraw consent<\/strong><\/p>\n<p>Some cookies are downloaded by a web browser when you enter a website. In order to block the possibility of downloading cookies, use the method existing for a given web browser:<\/p>\n<ul>\n<li><a href=\"https:\/\/support.mozilla.org\/pl\/kb\/blokowanie-ciasteczek\">Firefox<\/a><\/li>\n<li><a href=\"https:\/\/support.google.com\/chrome\/#topic=7438008\">Chrome<\/a><\/li>\n<li><a href=\"https:\/\/support.microsoft.com\/pl-pl\/products\/windows\">Microsoft Edge<\/a><\/li>\n<li><a href=\"https:\/\/help.opera.com\/Windows\/12.10\/pl\/cookies.html\">Opera<\/a><\/li>\n<li><a href=\"https:\/\/support.apple.com\/kb\/PH19214?viewlocale=pl_PL&amp;locale=pl_PL\">Safari<\/a><\/li>\n<\/ul>\n<p>Failure to save \/ read cookies may result in incomplete and incorrect operation of the website, however, the use of the website will still be possible.<\/p>\n<p style=\"text-align: center;\"><strong>Other information related to the data processing process<\/strong><\/p>\n<p>Any questions regarding our policies can be obtained via the e-mail address: <a href=\"mailto:biuro@godanserwis.pl\">biuro@godanserwis.pl<\/a><\/p>\n<p>In addition, information about the personal data administrator and the rights of entities can be found at the following address: https:\/\/godanserwis.pl\/en\/privacy-policy\/<\/p>\n<p>In the event of a breach of the provisions on the protection of personal data, you have the right to lodge a complaint with the <a href=\"https:\/\/uodo.gov.pl\/\">President of the Office for Personal Data Protection<\/a>.<\/p>\n\t\t\t\t\t\t\t\t<\/div>\n\t\t\t\t<\/div>\n\t\t\t\t\t<\/div>\n\t\t<\/div>\n\t\t\t\t\t<\/div>\n\t\t<\/section>\n\t\t\t\t<\/div>\n\t\t","protected":false},"excerpt":{"rendered":"<p>Privacy policy What is Cookie \/ Cookies? Cookies are text files. They are created automatically with the help of web browsers when visiting and using websites. They are sent by the website and saved on the user\u2019s device. Data obtained by means of a cookie is read only by the website that created the cookie, [&hellip;]<\/p>\n","protected":false},"author":1,"featured_media":0,"parent":0,"menu_order":0,"comment_status":"closed","ping_status":"closed","template":"","meta":{"footnotes":""},"class_list":["post-1802","page","type-page","status-publish","hentry"],"_links":{"self":[{"href":"https:\/\/godanserwis.pl\/en\/wp-json\/wp\/v2\/pages\/1802","targetHints":{"allow":["GET"]}}],"collection":[{"href":"https:\/\/godanserwis.pl\/en\/wp-json\/wp\/v2\/pages"}],"about":[{"href":"https:\/\/godanserwis.pl\/en\/wp-json\/wp\/v2\/types\/page"}],"author":[{"embeddable":true,"href":"https:\/\/godanserwis.pl\/en\/wp-json\/wp\/v2\/users\/1"}],"replies":[{"embeddable":true,"href":"https:\/\/godanserwis.pl\/en\/wp-json\/wp\/v2\/comments?post=1802"}],"version-history":[{"count":0,"href":"https:\/\/godanserwis.pl\/en\/wp-json\/wp\/v2\/pages\/1802\/revisions"}],"wp:attachment":[{"href":"https:\/\/godanserwis.pl\/en\/wp-json\/wp\/v2\/media?parent=1802"}],"curies":[{"name":"wp","href":"https:\/\/api.w.org\/{rel}","templated":true}]}}